{"id":44,"date":"2023-06-14T10:36:14","date_gmt":"2023-06-14T08:36:14","guid":{"rendered":"https:\/\/wifi.lublin.pl\/?page_id=44"},"modified":"2023-06-21T10:27:52","modified_gmt":"2023-06-21T08:27:52","slug":"uslugi-it","status":"publish","type":"page","link":"https:\/\/wifi.lublin.pl\/index.php\/uslugi-it\/","title":{"rendered":"Us\u0142ugi IT"},"content":{"rendered":"\n<p class=\"has-text-align-center\"><strong>Oferujemy szeroki wachlarz us\u0142ug informatycznych m. in. takich jak:<br>zarz\u0105dzanie sieci\u0105 w firmie,<br>dbanie o bezpiecze\u0144stwo IT,<br>wdra\u017canie nowych system\u00f3w i migracje,<br>wdra\u017canie nowych technologii,<br>audyty, analizy IT,<br>konsultacje techniczne i doradztwo.<\/strong><\/p>\n","protected":false},"excerpt":{"rendered":"<p>Oferujemy szeroki wachlarz us\u0142ug informatycznych m. in. takich jak:zarz\u0105dzanie sieci\u0105 w firmie,dbanie o bezpiecze\u0144stwo IT,wdra\u017canie nowych system\u00f3w i migracje,wdra\u017canie nowych technologii,audyty, analizy IT,konsultacje techniczne i doradztwo.<\/p>\n","protected":false},"author":1,"featured_media":0,"parent":0,"menu_order":0,"comment_status":"closed","ping_status":"closed","template":"","meta":{"footnotes":""},"class_list":["post-44","page","type-page","status-publish","hentry"],"_links":{"self":[{"href":"https:\/\/wifi.lublin.pl\/index.php\/wp-json\/wp\/v2\/pages\/44","targetHints":{"allow":["GET"]}}],"collection":[{"href":"https:\/\/wifi.lublin.pl\/index.php\/wp-json\/wp\/v2\/pages"}],"about":[{"href":"https:\/\/wifi.lublin.pl\/index.php\/wp-json\/wp\/v2\/types\/page"}],"author":[{"embeddable":true,"href":"https:\/\/wifi.lublin.pl\/index.php\/wp-json\/wp\/v2\/users\/1"}],"replies":[{"embeddable":true,"href":"https:\/\/wifi.lublin.pl\/index.php\/wp-json\/wp\/v2\/comments?post=44"}],"version-history":[{"count":3,"href":"https:\/\/wifi.lublin.pl\/index.php\/wp-json\/wp\/v2\/pages\/44\/revisions"}],"predecessor-version":[{"id":84,"href":"https:\/\/wifi.lublin.pl\/index.php\/wp-json\/wp\/v2\/pages\/44\/revisions\/84"}],"wp:attachment":[{"href":"https:\/\/wifi.lublin.pl\/index.php\/wp-json\/wp\/v2\/media?parent=44"}],"curies":[{"name":"wp","href":"https:\/\/api.w.org\/{rel}","templated":true}]}}